{"id":8,"date":"2023-09-25T17:18:49","date_gmt":"2023-09-25T15:18:49","guid":{"rendered":"https:\/\/www.fotobudkabratislava.sk\/?page_id=8"},"modified":"2024-02-29T19:04:32","modified_gmt":"2024-02-29T18:04:32","slug":"uvodna-stranka","status":"publish","type":"page","link":"https:\/\/www.fotobudkabratislava.sk\/","title":{"rendered":"Na\u0161a ponuka"},"content":{"rendered":"\n<p>Ni\u017e\u0161ie n\u00e1jdete ponuku bal\u00ed\u010dkov na\u0161ich slu\u017eieb. Pre vytvorenie bal\u00edka na mieru n\u00e1s nev\u00e1hajte kontaktova\u0165. Te\u0161\u00edme sa na spolupr\u00e1cu.<\/p>\n\n\n\n<div class=\"wp-block-columns is-layout-flex wp-container-4 wp-block-columns-is-layout-flex\">\n<div class=\"wp-block-column has-background is-layout-flow wp-block-column-is-layout-flow\" style=\"background-color:#f7b6799c\">\n<h3 style=\"text-align: center;\">Standard<\/h3>\n<ul>\n<li>Pren\u00e1jom fotob\u00fadky na <strong>2 hodiny<\/strong><\/li>\n<li>Profesion\u00e1lna obsluha<\/li>\n<li><strong>Foto pozadie<\/strong> 3&#215;2,6m<\/li>\n<li>Neobmedzen\u00fd po\u010det digit\u00e1lnych fotografi\u00ed<\/li>\n<li><strong>100 ks<\/strong> vytla\u010den\u00fdch fotiek<\/li>\n<li>Nahratie fotografi\u00ed na \u00falo\u017eisko po akcii<\/li>\n<li>Pestr\u00e9 rekvizity\u00a0\u00a0<\/li>\n<li><strong>Viazanie bal\u00f3nov<\/strong> &#8211; po\u010das pren\u00e1jmu tvor\u00edm zvieratk\u00e1 a ozdoby z bal\u00f3nov ktor\u00e9 je mo\u017en\u00e9 vyu\u017ei\u0165 ako rekvizity pri foten\u00ed a taktie\u017e ako dar\u010deky pre host\u00ed<\/li>\n<\/ul>\n<p style=\"text-align: center;\"><strong>Cena : 180 Eur<\/strong><\/p>\n<\/div>\n\n\n\n<div class=\"wp-block-column has-background is-layout-flow wp-block-column-is-layout-flow\" style=\"background-color:#f7b679cf\">\n<h3 style=\"text-align: center;\">Basic<\/h3>\n<ul>\n<li>Pren\u00e1jom fotob\u00fadky na <strong>3 hodiny<\/strong><\/li>\n<li>Profesion\u00e1lna obsluha<\/li>\n<li><strong>Foto pozadie<\/strong> 3&#215;2,6m<\/li>\n<li>Neobmedzen\u00fd po\u010det digit\u00e1lnych fotografi\u00ed<\/li>\n<li><strong>300 ks <\/strong>vytla\u010den\u00fdch fotiek<\/li>\n<li>Nahratie fotografi\u00ed na \u00falo\u017eisko <strong>po\u010das<\/strong> akcie\u00a0<\/li>\n<li>Pestr\u00e9 rekvizity<\/li>\n<li>Rekvizity <strong>na mieru<\/strong>\u00a0<\/li>\n<li><strong>Viazanie bal\u00f3nov<\/strong> &#8211; po\u010das pren\u00e1jmu tvor\u00edm zvieratk\u00e1 a ozdoby z bal\u00f3nov ktor\u00e9 je mo\u017en\u00e9 vyu\u017ei\u0165 ako rekvizity pri foten\u00ed a taktie\u017e ako dar\u010deky pre host\u00ed<\/li>\n<\/ul>\n<p style=\"text-align: center;\"><strong>Cena : 280 Eur<\/strong><\/p>\n<\/div>\n\n\n\n<div class=\"wp-block-column has-background is-layout-flow wp-block-column-is-layout-flow\" style=\"background-color:#f7b679\">\n<h3 style=\"text-align: center;\">Premium\u00a0<\/h3>\n<ul>\n<li>Pren\u00e1jom fotob\u00fadky <strong>4 hodiny<\/strong>\u00a0<\/li>\n<li>Profesion\u00e1lna obsluha<\/li>\n<li>Foto pozadie 3&#215;2,6m<\/li>\n<li>Neobmedzen\u00fd po\u010det digit\u00e1lnych fotografi\u00ed<\/li>\n<li><strong>Neobmedzen\u00fd<\/strong> po\u010det vytla\u010den\u00fdch fotografi\u00ed\u00a0<\/li>\n<li>Pestr\u00e9 rekvizity\u00a0<\/li>\n<li>Rekvizity <strong>na mieru<\/strong>\u00a0<\/li>\n<li><strong>Fotokniha<\/strong> s vlastn\u00fdm dizajnom v cene<\/li>\n<li><strong>Viazanie bal\u00f3nov<\/strong> &#8211; po\u010das pren\u00e1jmu tvor\u00edm zvieratk\u00e1 a ozdoby z bal\u00f3nov ktor\u00e9 je mo\u017en\u00e9 vyu\u017ei\u0165 ako rekvizity pri foten\u00ed a taktie\u017e ako dar\u010deky pre host\u00ed<\/li>\n<\/ul>\n<p style=\"text-align: center;\">Cena : 380 Eur\u00a0<\/p>\n<\/div>\n<\/div>\n\n\n\n<div style=\"height:19px\" aria-hidden=\"true\" class=\"wp-block-spacer\"><\/div>\n\n\n\n<div class=\"wp-block-columns is-layout-flex wp-container-7 wp-block-columns-is-layout-flex\">\n<div class=\"wp-block-column is-layout-flow wp-block-column-is-layout-flow\">\n<h3 style=\"text-align: center;\">Custom<\/h3>\n<ul>\n<li>doba pren\u00e1jmu\u00a0<\/li>\n<li>po\u010det vytla\u010den\u00fdch fotografi\u00ed<\/li>\n<li>typ rekviz\u00edt\u00a0<\/li>\n<li>fotokniha\u00a0<\/li>\n<\/ul>\n<p style=\"text-align: center;\"><strong>Cena : po dohode<\/strong>\u00a0<\/p>\n<\/div>\n\n\n\n<div class=\"wp-block-column is-layout-flow wp-block-column-is-layout-flow\">\n<h3 style=\"text-align: center;\">Doplnkov\u00e9 slu\u017eby<\/h3>\n<\/p>\n<\/div>\n<\/div>\n","protected":false},"excerpt":{"rendered":"<p>Ni\u017e\u0161ie n\u00e1jdete ponuku bal\u00ed\u010dkov na\u0161ich slu\u017eieb. Pre vytvorenie bal\u00edka na mieru n\u00e1s nev\u00e1hajte kontaktova\u0165. Te\u0161\u00edme sa na spolupr\u00e1cu. Standard Pren\u00e1jom fotob\u00fadky na 2 hodiny Profesion\u00e1lna obsluha Foto pozadie 3&#215;2,6m Neobmedzen\u00fd po\u010det digit\u00e1lnych fotografi\u00ed 100 ks vytla\u010den\u00fdch fotiek Nahratie fotografi\u00ed na \u00falo\u017eisko po akcii Pestr\u00e9 rekvizity\u00a0\u00a0 Viazanie bal\u00f3nov &#8211; po\u010das pren\u00e1jmu tvor\u00edm zvieratk\u00e1 a ozdoby z [&hellip;]<\/p>\n","protected":false},"author":1,"featured_media":0,"parent":0,"menu_order":0,"comment_status":"closed","ping_status":"closed","template":"","meta":{"om_disable_all_campaigns":false,"_monsterinsights_skip_tracking":false,"_monsterinsights_sitenote_active":false,"_monsterinsights_sitenote_note":"","_monsterinsights_sitenote_category":0,"footnotes":""},"aioseo_notices":[],"yoast_head":"<!-- This site is optimized with the Yoast SEO plugin v21.2 - https:\/\/yoast.com\/wordpress\/plugins\/seo\/ -->\n<title>Na\u0161a ponuka -<\/title>\n<meta name=\"robots\" content=\"index, follow, max-snippet:-1, max-image-preview:large, max-video-preview:-1\" \/>\n<link rel=\"canonical\" href=\"https:\/\/www.fotobudkabratislava.sk\/\" \/>\n<meta property=\"og:locale\" content=\"sk_SK\" \/>\n<meta property=\"og:type\" content=\"article\" \/>\n<meta property=\"og:title\" content=\"Na\u0161a ponuka -\" \/>\n<meta property=\"og:description\" content=\"Ni\u017e\u0161ie n\u00e1jdete ponuku bal\u00ed\u010dkov na\u0161ich slu\u017eieb. Pre vytvorenie bal\u00edka na mieru n\u00e1s nev\u00e1hajte kontaktova\u0165. Te\u0161\u00edme sa na spolupr\u00e1cu. Standard Pren\u00e1jom fotob\u00fadky na 2 hodiny Profesion\u00e1lna obsluha Foto pozadie 3&#215;2,6m Neobmedzen\u00fd po\u010det digit\u00e1lnych fotografi\u00ed 100 ks vytla\u010den\u00fdch fotiek Nahratie fotografi\u00ed na \u00falo\u017eisko po akcii Pestr\u00e9 rekvizity\u00a0\u00a0 Viazanie bal\u00f3nov &#8211; po\u010das pren\u00e1jmu tvor\u00edm zvieratk\u00e1 a ozdoby z [&hellip;]\" \/>\n<meta property=\"og:url\" content=\"https:\/\/www.fotobudkabratislava.sk\/\" \/>\n<meta property=\"article:modified_time\" content=\"2024-02-29T18:04:32+00:00\" \/>\n<meta name=\"twitter:card\" content=\"summary_large_image\" \/>\n<meta name=\"twitter:label1\" content=\"Predpokladan\u00fd \u010das \u010d\u00edtania\" \/>\n\t<meta name=\"twitter:data1\" content=\"2 min\u00faty\" \/>\n<script type=\"application\/ld+json\" class=\"yoast-schema-graph\">{\"@context\":\"https:\/\/schema.org\",\"@graph\":[{\"@type\":\"WebPage\",\"@id\":\"https:\/\/www.fotobudkabratislava.sk\/\",\"url\":\"https:\/\/www.fotobudkabratislava.sk\/\",\"name\":\"Na\u0161a ponuka -\",\"isPartOf\":{\"@id\":\"https:\/\/www.fotobudkabratislava.sk\/#website\"},\"datePublished\":\"2023-09-25T15:18:49+00:00\",\"dateModified\":\"2024-02-29T18:04:32+00:00\",\"breadcrumb\":{\"@id\":\"https:\/\/www.fotobudkabratislava.sk\/#breadcrumb\"},\"inLanguage\":\"sk-SK\",\"potentialAction\":[{\"@type\":\"ReadAction\",\"target\":[\"https:\/\/www.fotobudkabratislava.sk\/\"]}]},{\"@type\":\"BreadcrumbList\",\"@id\":\"https:\/\/www.fotobudkabratislava.sk\/#breadcrumb\",\"itemListElement\":[{\"@type\":\"ListItem\",\"position\":1,\"name\":\"Home\",\"item\":\"https:\/\/www.fotobudkabratislava.sk\/\"},{\"@type\":\"ListItem\",\"position\":2,\"name\":\"Na\u0161a ponuka\"}]},{\"@type\":\"WebSite\",\"@id\":\"https:\/\/www.fotobudkabratislava.sk\/#website\",\"url\":\"https:\/\/www.fotobudkabratislava.sk\/\",\"name\":\"Fotobudka Bratislava\",\"description\":\"\",\"alternateName\":\"Fotobudka\",\"potentialAction\":[{\"@type\":\"SearchAction\",\"target\":{\"@type\":\"EntryPoint\",\"urlTemplate\":\"https:\/\/www.fotobudkabratislava.sk\/?s={search_term_string}\"},\"query-input\":\"required name=search_term_string\"}],\"inLanguage\":\"sk-SK\"}]}<\/script>\n<!-- \/ Yoast SEO plugin. -->","yoast_head_json":{"title":"Na\u0161a ponuka -","robots":{"index":"index","follow":"follow","max-snippet":"max-snippet:-1","max-image-preview":"max-image-preview:large","max-video-preview":"max-video-preview:-1"},"canonical":"https:\/\/www.fotobudkabratislava.sk\/","og_locale":"sk_SK","og_type":"article","og_title":"Na\u0161a ponuka -","og_description":"Ni\u017e\u0161ie n\u00e1jdete ponuku bal\u00ed\u010dkov na\u0161ich slu\u017eieb. Pre vytvorenie bal\u00edka na mieru n\u00e1s nev\u00e1hajte kontaktova\u0165. Te\u0161\u00edme sa na spolupr\u00e1cu. Standard Pren\u00e1jom fotob\u00fadky na 2 hodiny Profesion\u00e1lna obsluha Foto pozadie 3&#215;2,6m Neobmedzen\u00fd po\u010det digit\u00e1lnych fotografi\u00ed 100 ks vytla\u010den\u00fdch fotiek Nahratie fotografi\u00ed na \u00falo\u017eisko po akcii Pestr\u00e9 rekvizity\u00a0\u00a0 Viazanie bal\u00f3nov &#8211; po\u010das pren\u00e1jmu tvor\u00edm zvieratk\u00e1 a ozdoby z [&hellip;]","og_url":"https:\/\/www.fotobudkabratislava.sk\/","article_modified_time":"2024-02-29T18:04:32+00:00","twitter_card":"summary_large_image","twitter_misc":{"Predpokladan\u00fd \u010das \u010d\u00edtania":"2 min\u00faty"},"schema":{"@context":"https:\/\/schema.org","@graph":[{"@type":"WebPage","@id":"https:\/\/www.fotobudkabratislava.sk\/","url":"https:\/\/www.fotobudkabratislava.sk\/","name":"Na\u0161a ponuka -","isPartOf":{"@id":"https:\/\/www.fotobudkabratislava.sk\/#website"},"datePublished":"2023-09-25T15:18:49+00:00","dateModified":"2024-02-29T18:04:32+00:00","breadcrumb":{"@id":"https:\/\/www.fotobudkabratislava.sk\/#breadcrumb"},"inLanguage":"sk-SK","potentialAction":[{"@type":"ReadAction","target":["https:\/\/www.fotobudkabratislava.sk\/"]}]},{"@type":"BreadcrumbList","@id":"https:\/\/www.fotobudkabratislava.sk\/#breadcrumb","itemListElement":[{"@type":"ListItem","position":1,"name":"Home","item":"https:\/\/www.fotobudkabratislava.sk\/"},{"@type":"ListItem","position":2,"name":"Na\u0161a ponuka"}]},{"@type":"WebSite","@id":"https:\/\/www.fotobudkabratislava.sk\/#website","url":"https:\/\/www.fotobudkabratislava.sk\/","name":"Fotobudka Bratislava","description":"","alternateName":"Fotobudka","potentialAction":[{"@type":"SearchAction","target":{"@type":"EntryPoint","urlTemplate":"https:\/\/www.fotobudkabratislava.sk\/?s={search_term_string}"},"query-input":"required name=search_term_string"}],"inLanguage":"sk-SK"}]}},"_links":{"self":[{"href":"https:\/\/www.fotobudkabratislava.sk\/index.php?rest_route=\/wp\/v2\/pages\/8"}],"collection":[{"href":"https:\/\/www.fotobudkabratislava.sk\/index.php?rest_route=\/wp\/v2\/pages"}],"about":[{"href":"https:\/\/www.fotobudkabratislava.sk\/index.php?rest_route=\/wp\/v2\/types\/page"}],"author":[{"embeddable":true,"href":"https:\/\/www.fotobudkabratislava.sk\/index.php?rest_route=\/wp\/v2\/users\/1"}],"replies":[{"embeddable":true,"href":"https:\/\/www.fotobudkabratislava.sk\/index.php?rest_route=%2Fwp%2Fv2%2Fcomments&post=8"}],"version-history":[{"count":6,"href":"https:\/\/www.fotobudkabratislava.sk\/index.php?rest_route=\/wp\/v2\/pages\/8\/revisions"}],"predecessor-version":[{"id":255,"href":"https:\/\/www.fotobudkabratislava.sk\/index.php?rest_route=\/wp\/v2\/pages\/8\/revisions\/255"}],"wp:attachment":[{"href":"https:\/\/www.fotobudkabratislava.sk\/index.php?rest_route=%2Fwp%2Fv2%2Fmedia&parent=8"}],"curies":[{"name":"wp","href":"https:\/\/api.w.org\/{rel}","templated":true}]}}